{"id":2221,"date":"2025-02-03T12:49:53","date_gmt":"2025-02-03T12:49:53","guid":{"rendered":"https:\/\/schwalbenschwanz-lounge.com\/?page_id=2221"},"modified":"2025-02-03T12:53:19","modified_gmt":"2025-02-03T12:53:19","slug":"shop-thanks","status":"publish","type":"page","link":"https:\/\/schwalbenschwanz-lounge.com\/en\/shop-danke\/","title":{"rendered":"Shop-Danke"},"content":{"rendered":"<div data-elementor-type=\"wp-page\" data-elementor-id=\"2221\" class=\"elementor elementor-2221\" data-elementor-post-type=\"page\">\n\t\t\t\t<div class=\"elementor-element elementor-element-013868f e-flex e-con-boxed e-con e-parent\" data-id=\"013868f\" data-element_type=\"container\" data-e-type=\"container\" data-settings=\"{&quot;background_background&quot;:&quot;classic&quot;}\">\n\t\t\t\t\t<div class=\"e-con-inner\">\n\t\t\t\t\t<\/div>\n\t\t\t\t<\/div>\n\t\t<div class=\"elementor-element elementor-element-e2f69b4 e-flex e-con-boxed e-con e-parent\" data-id=\"e2f69b4\" data-element_type=\"container\" data-e-type=\"container\">\n\t\t\t\t\t<div class=\"e-con-inner\">\n\t\t\t\t<div class=\"elementor-element elementor-element-ed26014 elementor-widget elementor-widget-heading\" data-id=\"ed26014\" data-element_type=\"widget\" data-e-type=\"widget\" data-widget_type=\"heading.default\">\n\t\t\t\t<div class=\"elementor-widget-container\">\n\t\t\t\t\t<h2 class=\"elementor-heading-title elementor-size-default\">Thank you very much!<\/h2>\t\t\t\t<\/div>\n\t\t\t\t<\/div>\n\t\t\t\t<div class=\"elementor-element elementor-element-1e5510d elementor-widget elementor-widget-heading\" data-id=\"1e5510d\" data-element_type=\"widget\" data-e-type=\"widget\" data-widget_type=\"heading.default\">\n\t\t\t\t<div class=\"elementor-widget-container\">\n\t\t\t\t\t<h2 class=\"elementor-heading-title elementor-size-default\">We have received your order.<\/h2>\t\t\t\t<\/div>\n\t\t\t\t<\/div>\n\t\t\t\t<div class=\"elementor-element elementor-element-0d7679c elementor-widget elementor-widget-text-editor\" data-id=\"0d7679c\" data-element_type=\"widget\" data-e-type=\"widget\" data-widget_type=\"text-editor.default\">\n\t\t\t\t<div class=\"elementor-widget-container\">\n\t\t\t\t\t\t\t\t\t<p>Your booking was successful. You will shortly receive a separate email with your order confirmation and <br \/>all the important information about your ticket.<\/p><p>If you do not receive an email, please check your spam folder or contact us.<\/p><p>We look forward to welcoming you to our event!<\/p>\t\t\t\t\t\t\t\t<\/div>\n\t\t\t\t<\/div>\n\t\t\t\t\t<\/div>\n\t\t\t\t<\/div>\n\t\t\t\t<\/div>","protected":false},"excerpt":{"rendered":"<p>Vielen Dank! Wir haben ihre Bestellung erhalten. Ihre Buchung war erfolgreich. Sie erhalten in K\u00fcrze eine separate E-Mail mit Ihrer Bestellbest\u00e4tigung und allen wichtigen Informationen zu Ihrem Ticket. Falls Sie keine E-Mail erhalten, \u00fcberpr\u00fcfen Sie bitte Ihren Spam-Ordner oder kontaktieren Sie uns. Wir freuen uns darauf, Sie bei unserer Veranstaltung begr\u00fc\u00dfen zu d\u00fcrfen!<\/p>","protected":false},"author":1,"featured_media":0,"parent":0,"menu_order":0,"comment_status":"closed","ping_status":"closed","template":"","meta":{"footnotes":""},"class_list":["post-2221","page","type-page","status-publish","hentry"],"_links":{"self":[{"href":"https:\/\/schwalbenschwanz-lounge.com\/en\/wp-json\/wp\/v2\/pages\/2221","targetHints":{"allow":["GET"]}}],"collection":[{"href":"https:\/\/schwalbenschwanz-lounge.com\/en\/wp-json\/wp\/v2\/pages"}],"about":[{"href":"https:\/\/schwalbenschwanz-lounge.com\/en\/wp-json\/wp\/v2\/types\/page"}],"author":[{"embeddable":true,"href":"https:\/\/schwalbenschwanz-lounge.com\/en\/wp-json\/wp\/v2\/users\/1"}],"replies":[{"embeddable":true,"href":"https:\/\/schwalbenschwanz-lounge.com\/en\/wp-json\/wp\/v2\/comments?post=2221"}],"version-history":[{"count":4,"href":"https:\/\/schwalbenschwanz-lounge.com\/en\/wp-json\/wp\/v2\/pages\/2221\/revisions"}],"predecessor-version":[{"id":2229,"href":"https:\/\/schwalbenschwanz-lounge.com\/en\/wp-json\/wp\/v2\/pages\/2221\/revisions\/2229"}],"wp:attachment":[{"href":"https:\/\/schwalbenschwanz-lounge.com\/en\/wp-json\/wp\/v2\/media?parent=2221"}],"curies":[{"name":"wp","href":"https:\/\/api.w.org\/{rel}","templated":true}]}}